{"id":167111,"date":"2026-03-11T14:54:11","date_gmt":"2026-03-11T13:54:11","guid":{"rendered":"https:\/\/staging.lilomino.fr\/?page_id=167111"},"modified":"2026-03-11T15:44:10","modified_gmt":"2026-03-11T14:44:10","slug":"cgu","status":"publish","type":"page","link":"https:\/\/staging.lilomino.fr\/index.php\/cgu\/","title":{"rendered":"Conditions G\u00e9n\u00e9rales d&rsquo;Utilisation (CGU)"},"content":{"rendered":"<div class=\"wpb-content-wrapper\"><p>[vc_row row_height_percent=\u00a0\u00bb0&Prime; override_padding=\u00a0\u00bbyes\u00a0\u00bb h_padding=\u00a0\u00bb2&Prime; top_padding=\u00a0\u00bb2&Prime; bottom_padding=\u00a0\u00bb3&Prime; overlay_alpha=\u00a0\u00bb50&Prime; gutter_size=\u00a0\u00bb3&Prime; column_width_percent=\u00a0\u00bb100&Prime; shift_y=\u00a0\u00bb0&Prime; z_index=\u00a0\u00bb0&Prime; content_parallax=\u00a0\u00bb0&Prime; uncode_shortcode_id=\u00a0\u00bb960243&Prime;][vc_column column_width_percent=\u00a0\u00bb75&Prime; gutter_size=\u00a0\u00bb2&Prime; overlay_alpha=\u00a0\u00bb50&Prime; shift_x=\u00a0\u00bb0&Prime; shift_y=\u00a0\u00bb0&Prime; shift_y_down=\u00a0\u00bb0&Prime; z_index=\u00a0\u00bb0&Prime; medium_width=\u00a0\u00bb0&Prime; mobile_width=\u00a0\u00bb0&Prime; width=\u00a0\u00bb1\/1&Prime; uncode_shortcode_id=\u00a0\u00bb804697&Prime;][vc_column_text uncode_shortcode_id=\u00a0\u00bb481580&Prime;]<\/p>\n<p class=\"western\"><i>Derni\u00e8re mise \u00e0 jour : 11 mars 2026<\/i><\/p>\n<p class=\"western\">Les pr\u00e9sentes Conditions G\u00e9n\u00e9rales d&rsquo;Utilisation (CGU) r\u00e9gissent l&rsquo;acc\u00e8s et l&rsquo;utilisation du site web www.lilomino.fr. En acc\u00e9dant \u00e0 ce site, vous acceptez sans r\u00e9serve les pr\u00e9sentes CGU.<\/p>\n<p>[\/vc_column_text][vc_custom_heading heading_semantic=\u00a0\u00bbh3&Prime; text_font=\u00a0\u00bbfont-110819&Prime; text_size=\u00a0\u00bbh3&Prime; uncode_shortcode_id=\u00a0\u00bb556570&Prime;]Objet du site[\/vc_custom_heading][vc_column_text uncode_shortcode_id=\u00a0\u00bb812232&Prime;]Le site www.lilomino.fr a pour objet de :[\/vc_column_text][uncode_list uncode_shortcode_id=\u00a0\u00bb940177&Prime;]<\/p>\n<ul>\n<li>Pr\u00e9senter l&rsquo;association Lilomino, ses activit\u00e9s et ses projets<\/li>\n<li>Informer sur les \u00e9v\u00e9nements et actualit\u00e9s de l&rsquo;association<\/li>\n<li>Faciliter les inscriptions aux expositions et ateliers<\/li>\n<li>Permettre aux visiteurs de contacter l&rsquo;association<\/li>\n<\/ul>\n<p>[\/uncode_list][vc_custom_heading heading_semantic=\u00a0\u00bbh3&Prime; text_font=\u00a0\u00bbfont-110819&Prime; text_size=\u00a0\u00bbh3&Prime; uncode_shortcode_id=\u00a0\u00bb211693&Prime;]Acc\u00e8s au site[\/vc_custom_heading][vc_column_text uncode_shortcode_id=\u00a0\u00bb355083&Prime;]Le site www.lilomino.fr est accessible gratuitement \u00e0 tout utilisateur disposant d&rsquo;un acc\u00e8s \u00e0 Internet. Tous les frais li\u00e9s \u00e0 l&rsquo;acc\u00e8s au site (mat\u00e9riel informatique, connexion Internet, etc.) sont \u00e0 la charge de l&rsquo;utilisateur.<\/p>\n<p>L&rsquo;association Lilomino met en \u0153uvre tous les moyens raisonnables pour assurer un acc\u00e8s continu au site, mais ne peut garantir une disponibilit\u00e9 permanente. Le site peut \u00eatre temporairement indisponible pour des raisons de maintenance, de mise \u00e0 jour ou de circonstances ind\u00e9pendantes de notre volont\u00e9.[\/vc_column_text][vc_custom_heading heading_semantic=\u00a0\u00bbh3&Prime; text_font=\u00a0\u00bbfont-110819&Prime; text_size=\u00a0\u00bbh3&Prime; uncode_shortcode_id=\u00a0\u00bb147047&Prime;]Propri\u00e9t\u00e9 intellectuelle[\/vc_custom_heading][vc_column_text uncode_shortcode_id=\u00a0\u00bb121608&Prime;]L&rsquo;ensemble des \u00e9l\u00e9ments pr\u00e9sents sur le site (textes, images, photographies, logos, vid\u00e9os, graphismes, mise en page, structure, etc.) est prot\u00e9g\u00e9 par le droit d&rsquo;auteur, le droit des marques et\/ou tout autre droit de propri\u00e9t\u00e9 intellectuelle.<\/p>\n<p>Ces \u00e9l\u00e9ments sont la propri\u00e9t\u00e9 exclusive de l&rsquo;association Lilomino ou de leurs auteurs respectifs, sauf mention contraire.<br \/>\n<strong><br \/>\nToute reproduction, repr\u00e9sentation, modification, publication, transmission, d\u00e9naturation totale ou partielle du site ou de son contenu, par quelque proc\u00e9d\u00e9 que ce soit, et sur quelque support que ce soit, est interdite sans l&rsquo;autorisation expresse et pr\u00e9alable de l&rsquo;association Lilomino.<\/strong><\/p>\n<p>Toute utilisation non autoris\u00e9e du site ou de l&rsquo;un de ses \u00e9l\u00e9ments sera consid\u00e9r\u00e9e comme constitutive d&rsquo;une contrefa\u00e7on et poursuivie conform\u00e9ment aux dispositions des articles L.335-2 et suivants du Code de Propri\u00e9t\u00e9 Intellectuelle.[\/vc_column_text][vc_custom_heading heading_semantic=\u00a0\u00bbh3&Prime; text_font=\u00a0\u00bbfont-110819&Prime; text_size=\u00a0\u00bbh3&Prime; uncode_shortcode_id=\u00a0\u00bb819623&Prime;]Utilisation du site[\/vc_custom_heading][vc_column_text uncode_shortcode_id=\u00a0\u00bb191647&Prime;]L&rsquo;utilisateur s&rsquo;engage \u00e0 :[\/vc_column_text][uncode_list uncode_shortcode_id=\u00a0\u00bb940177&Prime;]<\/p>\n<ul>\n<li>Utiliser le site de mani\u00e8re loyale et conforme \u00e0 sa destination<\/li>\n<li>Ne pas porter atteinte \u00e0 l&rsquo;ordre public et aux bonnes m\u0153urs<\/li>\n<li>Ne pas porter atteinte aux droits des tiers<\/li>\n<li>Ne pas diffuser de contenu illicite, diffamatoire, injurieux, raciste ou portant atteinte \u00e0 la vie priv\u00e9e<\/li>\n<li>Ne pas tenter de porter atteinte \u00e0 la s\u00e9curit\u00e9 du site ou d&rsquo;en perturber le fonctionnement<\/li>\n<li>Respecter les droits de propri\u00e9t\u00e9 intellectuelle<\/li>\n<\/ul>\n<p>[\/uncode_list][vc_custom_heading heading_semantic=\u00a0\u00bbh3&Prime; text_font=\u00a0\u00bbfont-110819&Prime; text_size=\u00a0\u00bbh3&Prime; uncode_shortcode_id=\u00a0\u00bb191843&Prime;]Responsabilit\u00e9[\/vc_custom_heading][vc_column_text uncode_shortcode_id=\u00a0\u00bb144445&Prime;]<strong>Responsabilit\u00e9 de l&rsquo;association<\/strong><br \/>\nL&rsquo;association Lilomino s&rsquo;efforce d&rsquo;assurer l&rsquo;exactitude et la mise \u00e0 jour des informations diffus\u00e9es sur le site. Toutefois, elle ne peut garantir l&rsquo;exactitude, la pr\u00e9cision ou l&rsquo;exhaustivit\u00e9 des informations mises \u00e0 disposition.<\/p>\n<p>L&rsquo;association Lilomino ne saurait \u00eatre tenue responsable :[\/vc_column_text][uncode_list uncode_shortcode_id=\u00a0\u00bb940177&Prime;]<\/p>\n<ul>\n<li>Des dommages directs ou indirects r\u00e9sultant de l&rsquo;acc\u00e8s au site ou de son utilisation<\/li>\n<li>Des dysfonctionnements techniques, virus ou dommages caus\u00e9s \u00e0 votre mat\u00e9riel informatique<\/li>\n<li>De l&rsquo;indisponibilit\u00e9 temporaire ou d\u00e9finitive du site<\/li>\n<li>Du contenu des sites vers lesquels le site renvoie par des liens hypertextes<\/li>\n<\/ul>\n<p>[\/uncode_list][vc_column_text uncode_shortcode_id=\u00a0\u00bb548173&Prime;]<strong>Responsabilit\u00e9 de l&rsquo;utilisateur<\/strong><br \/>\nL&rsquo;utilisateur est seul responsable de l&rsquo;utilisation qu&rsquo;il fait du site et des informations qu&rsquo;il y consulte. Il s&rsquo;engage \u00e0 utiliser le site dans le respect des lois et r\u00e8glements en vigueur et des pr\u00e9sentes CGU.[\/vc_column_text][vc_custom_heading heading_semantic=\u00a0\u00bbh3&Prime; text_font=\u00a0\u00bbfont-110819&Prime; text_size=\u00a0\u00bbh3&Prime; uncode_shortcode_id=\u00a0\u00bb816276&Prime;]Liens hypertextes[\/vc_custom_heading][vc_column_text uncode_shortcode_id=\u00a0\u00bb145716&Prime;]Le site peut contenir des liens hypertextes vers d&rsquo;autres sites web (HelloAsso, r\u00e9seaux sociaux, sites partenaires, etc.). L&rsquo;association Lilomino n&rsquo;exerce aucun contr\u00f4le sur ces sites et d\u00e9cline toute responsabilit\u00e9 quant \u00e0 leur contenu.<\/p>\n<p>La cr\u00e9ation de liens hypertextes vers le site www.lilomino.fr est autoris\u00e9e sous r\u00e9serve de ne pas porter atteinte \u00e0 l&rsquo;image de l&rsquo;association et de respecter les droits de propri\u00e9t\u00e9 intellectuelle.[\/vc_column_text][vc_custom_heading heading_semantic=\u00a0\u00bbh3&Prime; text_font=\u00a0\u00bbfont-110819&Prime; text_size=\u00a0\u00bbh3&Prime; uncode_shortcode_id=\u00a0\u00bb173512&Prime;]Donn\u00e9es personnelles[\/vc_custom_heading][vc_column_text uncode_shortcode_id=\u00a0\u00bb193069&Prime;]<\/p>\n<p class=\"western\">Le traitement des donn\u00e9es personnelles collect\u00e9es sur le site est r\u00e9gi par notre <a href=\"https:\/\/staging.lilomino.fr\/index.php\/politique-de-confidentialite\/\">Politique de confidentialit\u00e9<\/a>. En utilisant le site, vous acceptez les conditions de cette politique.<\/p>\n<p>[\/vc_column_text][vc_custom_heading heading_semantic=\u00a0\u00bbh3&Prime; text_font=\u00a0\u00bbfont-110819&Prime; text_size=\u00a0\u00bbh3&Prime; uncode_shortcode_id=\u00a0\u00bb321014&Prime;]Modification des CGU[\/vc_custom_heading][vc_column_text uncode_shortcode_id=\u00a0\u00bb165956&Prime;]<\/p>\n<p class=\"western\">L&rsquo;association Lilomino se r\u00e9serve le droit de modifier les pr\u00e9sentes CGU \u00e0 tout moment. Les modifications entreront en vigueur d\u00e8s leur mise en ligne. Il est recommand\u00e9 de consulter r\u00e9guli\u00e8rement cette page pour prendre connaissance des \u00e9ventuelles modifications.<\/p>\n<p>[\/vc_column_text][vc_custom_heading heading_semantic=\u00a0\u00bbh3&Prime; text_font=\u00a0\u00bbfont-110819&Prime; text_size=\u00a0\u00bbh3&Prime; uncode_shortcode_id=\u00a0\u00bb658252&Prime;]Droit applicable et juridiction[\/vc_custom_heading][vc_column_text uncode_shortcode_id=\u00a0\u00bb658487&Prime;]<\/p>\n<p class=\"western\">Les pr\u00e9sentes CGU sont r\u00e9gies par le droit fran\u00e7ais. En cas de litige relatif \u00e0 l&rsquo;interpr\u00e9tation ou \u00e0 l&rsquo;ex\u00e9cution des pr\u00e9sentes, et \u00e0 d\u00e9faut d&rsquo;accord amiable, les tribunaux fran\u00e7ais seront seuls comp\u00e9tents.<\/p>\n<p>[\/vc_column_text][vc_custom_heading heading_semantic=\u00a0\u00bbh3&Prime; text_font=\u00a0\u00bbfont-110819&Prime; text_size=\u00a0\u00bbh3&Prime; uncode_shortcode_id=\u00a0\u00bb358741&Prime;]Contact[\/vc_custom_heading][vc_column_text uncode_shortcode_id=\u00a0\u00bb750078&Prime;]Pour toute question relative aux pr\u00e9sentes CGU, vous pouvez nous contacter :<\/p>\n<p>Par email : <a href=\"mailto:contact@lilomino.fr\">contact@lilomino.fr<\/a><\/p>\n<p>Par courrier : voir nos coordonn\u00e9es compl\u00e8tes dans les <a href=\"https:\/\/staging.lilomino.fr\/index.php\/mentions-legales\/\">Mentions l\u00e9gales<\/a>[\/vc_column_text][\/vc_column][\/vc_row]<\/p>\n<\/div>","protected":false},"excerpt":{"rendered":"<p>[vc_row row_height_percent=\u00a0\u00bb0&Prime; override_padding=\u00a0\u00bbyes\u00a0\u00bb h_padding=\u00a0\u00bb2&Prime; top_padding=\u00a0\u00bb2&Prime; bottom_padding=\u00a0\u00bb3&Prime; overlay_alpha=\u00a0\u00bb50&Prime; gutter_size=\u00a0\u00bb3&Prime; column_width_percent=\u00a0\u00bb100&Prime; shift_y=\u00a0\u00bb0&Prime; z_index=\u00a0\u00bb0&Prime; content_parallax=\u00a0\u00bb0&Prime; uncode_shortcode_id=\u00a0\u00bb960243&Prime;][vc_column column_width_percent=\u00a0\u00bb75&Prime; gutter_size=\u00a0\u00bb2&Prime; overlay_alpha=\u00a0\u00bb50&Prime; shift_x=\u00a0\u00bb0&Prime; shift_y=\u00a0\u00bb0&Prime; shift_y_down=\u00a0\u00bb0&Prime; z_index=\u00a0\u00bb0&Prime; [&hellip;]<\/p>\n","protected":false},"author":1,"featured_media":0,"parent":0,"menu_order":0,"comment_status":"closed","ping_status":"closed","template":"","meta":{"footnotes":""},"class_list":["post-167111","page","type-page","status-publish","hentry"],"_links":{"self":[{"href":"https:\/\/staging.lilomino.fr\/index.php\/wp-json\/wp\/v2\/pages\/167111","targetHints":{"allow":["GET"]}}],"collection":[{"href":"https:\/\/staging.lilomino.fr\/index.php\/wp-json\/wp\/v2\/pages"}],"about":[{"href":"https:\/\/staging.lilomino.fr\/index.php\/wp-json\/wp\/v2\/types\/page"}],"author":[{"embeddable":true,"href":"https:\/\/staging.lilomino.fr\/index.php\/wp-json\/wp\/v2\/users\/1"}],"replies":[{"embeddable":true,"href":"https:\/\/staging.lilomino.fr\/index.php\/wp-json\/wp\/v2\/comments?post=167111"}],"version-history":[{"count":7,"href":"https:\/\/staging.lilomino.fr\/index.php\/wp-json\/wp\/v2\/pages\/167111\/revisions"}],"predecessor-version":[{"id":167136,"href":"https:\/\/staging.lilomino.fr\/index.php\/wp-json\/wp\/v2\/pages\/167111\/revisions\/167136"}],"wp:attachment":[{"href":"https:\/\/staging.lilomino.fr\/index.php\/wp-json\/wp\/v2\/media?parent=167111"}],"curies":[{"name":"wp","href":"https:\/\/api.w.org\/{rel}","templated":true}]}}