{"id":167108,"date":"2026-03-11T14:57:03","date_gmt":"2026-03-11T13:57:03","guid":{"rendered":"https:\/\/staging.lilomino.fr\/?page_id=167108"},"modified":"2026-03-11T14:57:22","modified_gmt":"2026-03-11T13:57:22","slug":"politique-de-confidentialite","status":"publish","type":"page","link":"https:\/\/staging.lilomino.fr\/index.php\/politique-de-confidentialite\/","title":{"rendered":"Politique de confidentialit\u00e9 (RGDP)"},"content":{"rendered":"<div class=\"wpb-content-wrapper\"><p>[vc_row row_height_percent=\u00a0\u00bb0&Prime; override_padding=\u00a0\u00bbyes\u00a0\u00bb h_padding=\u00a0\u00bb2&Prime; top_padding=\u00a0\u00bb2&Prime; bottom_padding=\u00a0\u00bb3&Prime; overlay_alpha=\u00a0\u00bb50&Prime; gutter_size=\u00a0\u00bb3&Prime; column_width_percent=\u00a0\u00bb100&Prime; shift_y=\u00a0\u00bb0&Prime; z_index=\u00a0\u00bb0&Prime; content_parallax=\u00a0\u00bb0&Prime; uncode_shortcode_id=\u00a0\u00bb960243&Prime;][vc_column column_width_percent=\u00a0\u00bb75&Prime; gutter_size=\u00a0\u00bb2&Prime; overlay_alpha=\u00a0\u00bb50&Prime; shift_x=\u00a0\u00bb0&Prime; shift_y=\u00a0\u00bb0&Prime; shift_y_down=\u00a0\u00bb0&Prime; z_index=\u00a0\u00bb0&Prime; medium_width=\u00a0\u00bb0&Prime; mobile_width=\u00a0\u00bb0&Prime; width=\u00a0\u00bb1\/1&Prime; uncode_shortcode_id=\u00a0\u00bb211152&Prime;][vc_column_text uncode_shortcode_id=\u00a0\u00bb965907&Prime;]<i>Derni\u00e8re mise \u00e0 jour : 11 mars 2026<\/i><br \/>\nL&rsquo;association Lilomino accorde une grande importance \u00e0 la protection de vos donn\u00e9es personnelles. Cette politique de confidentialit\u00e9 vous informe sur la mani\u00e8re dont nous collectons, utilisons et prot\u00e9geons vos informations conform\u00e9ment au R\u00e8glement G\u00e9n\u00e9ral sur la Protection des Donn\u00e9es (RGPD).[\/vc_column_text][vc_custom_heading heading_semantic=\u00a0\u00bbh3&Prime; text_font=\u00a0\u00bbfont-110819&Prime; text_size=\u00a0\u00bbh3&Prime; uncode_shortcode_id=\u00a0\u00bb206232&Prime;]Responsable du traitement[\/vc_custom_heading][vc_column_text uncode_shortcode_id=\u00a0\u00bb837730&Prime;]Le responsable du traitement de vos donn\u00e9es personnelles est<br \/>\n<b>Association Lilomino<\/b><\/p>\n<ul>\n<li>Adresse : <span style=\"color: #c00000;\"><b>[Adresse compl\u00e8te]<\/b><\/span><\/li>\n<li>Email : <span style=\"color: #c00000;\"><b>[contact@lilomino.fr]<\/b><\/span><\/li>\n<li>Contact d\u00e9l\u00e9gu\u00e9 \u00e0 la protection des donn\u00e9es : <span style=\"color: #c00000;\"><b>[Email DPO ou \u00ab\u00a0m\u00eame adresse\u00a0\u00bb]<\/b><\/span><\/li>\n<\/ul>\n<p>[\/vc_column_text][vc_custom_heading heading_semantic=\u00a0\u00bbh3&Prime; text_font=\u00a0\u00bbfont-110819&Prime; text_size=\u00a0\u00bbh3&Prime; uncode_shortcode_id=\u00a0\u00bb201515&Prime;]Donn\u00e9es collect\u00e9es[\/vc_custom_heading][vc_column_text uncode_shortcode_id=\u00a0\u00bb144750&Prime;]Nous collectons les donn\u00e9es personnelles suivantes :<\/p>\n<p><strong>Via les formulaires de contact<br \/>\n<\/strong><\/p>\n<ul>\n<li>Nom et pr\u00e9nom<\/li>\n<li>Adresse email<\/li>\n<li>Num\u00e9ro de t\u00e9l\u00e9phone (optionnel)<\/li>\n<li>Message \/ demande d&rsquo;information<\/li>\n<\/ul>\n<p><strong>Via les inscriptions aux \u00e9v\u00e9nements<\/strong><\/p>\n<p>Lorsque vous vous inscrivez \u00e0 nos \u00e9v\u00e9nements via HelloAsso, vos donn\u00e9es sont collect\u00e9es et trait\u00e9es par cette plateforme tierce. Nous vous invitons \u00e0 consulter leur politique de confidentialit\u00e9 :<\/p>\n<p>HelloAsso : https:\/\/info.helloasso.com\/politique-de-confidentialite<\/p>\n<p><strong>Via HelloAsso (dons et adh\u00e9sions<\/strong>)<br \/>\nSi vous effectuez un don ou une adh\u00e9sion via HelloAsso :<\/p>\n<ul>\n<li>Nom et pr\u00e9nom<\/li>\n<li>Adresse email<\/li>\n<li>Montant du don\/adh\u00e9sion<\/li>\n<li>Informations de paiement (trait\u00e9es par HelloAsso, nous ne les stockons pas)<\/li>\n<\/ul>\n<p><strong>Donn\u00e9es de navigation<\/strong><\/p>\n<ul>\n<li>Adresse IP<\/li>\n<li>Type de navigateur<\/li>\n<li>Pages visit\u00e9es et dur\u00e9e de visite<\/li>\n<li>Source de r\u00e9f\u00e9rence (comment vous \u00eates arriv\u00e9 sur notre site)<\/li>\n<\/ul>\n<p>[\/vc_column_text][vc_custom_heading heading_semantic=\u00a0\u00bbh3&Prime; text_font=\u00a0\u00bbfont-110819&Prime; text_size=\u00a0\u00bbh3&Prime; uncode_shortcode_id=\u00a0\u00bb935168&Prime;]Finalit\u00e9 du traitement[\/vc_custom_heading][vc_column_text uncode_shortcode_id=\u00a0\u00bb279992&Prime;]Vos donn\u00e9es sont collect\u00e9es pour les finalit\u00e9s suivantes :[\/vc_column_text][uncode_list uncode_shortcode_id=\u00a0\u00bb687804&Prime;]<\/p>\n<ul>\n<li><b>R\u00e9pondre \u00e0 vos demandes de contact<\/b> : traiter vos questions et demandes d&rsquo;information<\/li>\n<li><b>G\u00e9rer les inscriptions aux \u00e9v\u00e9nements<\/b> : faciliter votre participation \u00e0 nos activit\u00e9s<\/li>\n<li><b>Communication associative<\/b> : vous tenir inform\u00e9 de nos actualit\u00e9s, \u00e9v\u00e9nements et projets (uniquement si vous avez donn\u00e9 votre consentement)<\/li>\n<li><b>Am\u00e9liorer notre site web<\/b> : analyser l&rsquo;utilisation du site pour en optimiser le contenu et les fonctionnalit\u00e9s<\/li>\n<\/ul>\n<p>[\/uncode_list][vc_custom_heading heading_semantic=\u00a0\u00bbh3&Prime; text_font=\u00a0\u00bbfont-110819&Prime; text_size=\u00a0\u00bbh3&Prime; uncode_shortcode_id=\u00a0\u00bb848620&Prime;]Base l\u00e9gale du traitement[\/vc_custom_heading][vc_column_text uncode_shortcode_id=\u00a0\u00bb279992&Prime;]Vos donn\u00e9es sont collect\u00e9es pour les finalit\u00e9s suivantes :[\/vc_column_text][uncode_list uncode_shortcode_id=\u00a0\u00bb562764&Prime;]<\/p>\n<ul>\n<li><b>Votre consentement<\/b> : pour l&rsquo;envoi de communications et newsletters<\/li>\n<li><b>L&rsquo;ex\u00e9cution d&rsquo;un contrat<\/b> : pour g\u00e9rer votre inscription \u00e0 nos \u00e9v\u00e9nements<\/li>\n<li><b>Notre int\u00e9r\u00eat l\u00e9gitime<\/b> : pour am\u00e9liorer nos services et r\u00e9pondre \u00e0 vos demande<\/li>\n<\/ul>\n<p>[\/uncode_list][vc_custom_heading heading_semantic=\u00a0\u00bbh3&Prime; text_font=\u00a0\u00bbfont-110819&Prime; text_size=\u00a0\u00bbh3&Prime; uncode_shortcode_id=\u00a0\u00bb175759&Prime;]Dur\u00e9e de conservation[\/vc_custom_heading][vc_column_text uncode_shortcode_id=\u00a0\u00bb143106&Prime;]<\/p>\n<p class=\"western\">Vos donn\u00e9es sont conserv\u00e9es pendant les dur\u00e9es suivantes :<\/p>\n<p>[\/vc_column_text][uncode_list uncode_shortcode_id=\u00a0\u00bb208957&Prime;]<\/p>\n<ul>\n<li><b>Formulaires de contact<\/b> : 3 ans \u00e0 compter du dernier contact<\/li>\n<li><b>Inscriptions aux \u00e9v\u00e9nements<\/b> : dur\u00e9e de l&rsquo;\u00e9v\u00e9nement + 1 an<\/li>\n<li><b>Donn\u00e9es de navigation (cookies)<\/b> : 13 mois maximum<\/li>\n<li><b>Newsletter<\/b> : jusqu&rsquo;\u00e0 votre d\u00e9sinscription ou 3 ans d&rsquo;inactivit\u00e9<\/li>\n<\/ul>\n<p>[\/uncode_list][vc_custom_heading heading_semantic=\u00a0\u00bbh3&Prime; text_font=\u00a0\u00bbfont-110819&Prime; text_size=\u00a0\u00bbh3&Prime; uncode_shortcode_id=\u00a0\u00bb164700&Prime;]Destinataires des donn\u00e9es[\/vc_custom_heading][vc_column_text uncode_shortcode_id=\u00a0\u00bb965831&Prime;]<\/p>\n<p class=\"western\">Vos donn\u00e9es personnelles sont destin\u00e9es \u00e0 :<\/p>\n<p>[\/vc_column_text][uncode_list uncode_shortcode_id=\u00a0\u00bb109815&Prime;]<\/p>\n<ul>\n<li>L&rsquo;\u00e9quipe de l&rsquo;association Lilomino<\/li>\n<li>Nos prestataires techniques (h\u00e9bergement, emailing) sous contrat de sous-traitance<\/li>\n<li>Les plateformes tierces (HelloAsso) pour la gestion des inscriptions<\/li>\n<\/ul>\n<p>[\/uncode_list][vc_column_text uncode_shortcode_id=\u00a0\u00bb598272&Prime;]<b>Nous ne vendons ni ne louons vos donn\u00e9es \u00e0 des tiers.<\/b>[\/vc_column_text][vc_custom_heading heading_semantic=\u00a0\u00bbh3&Prime; text_font=\u00a0\u00bbfont-110819&Prime; text_size=\u00a0\u00bbh3&Prime; uncode_shortcode_id=\u00a0\u00bb163628&Prime;]Transferts de donn\u00e9es hors UE[\/vc_custom_heading][vc_column_text uncode_shortcode_id=\u00a0\u00bb172310&Prime;]<\/p>\n<p class=\"western\">Certains de nos prestataires (comme Google Analytics) peuvent transf\u00e9rer vos donn\u00e9es hors de l&rsquo;Union Europ\u00e9enne. Ces transferts sont encadr\u00e9s par des garanties appropri\u00e9es (clauses contractuelles types approuv\u00e9es par la Commission Europ\u00e9enne).<\/p>\n<p>[\/vc_column_text][vc_custom_heading heading_semantic=\u00a0\u00bbh3&Prime; text_font=\u00a0\u00bbfont-110819&Prime; text_size=\u00a0\u00bbh3&Prime; uncode_shortcode_id=\u00a0\u00bb204349&Prime;]Vos droits[\/vc_custom_heading][vc_column_text uncode_shortcode_id=\u00a0\u00bb164166&Prime;]<\/p>\n<p class=\"western\">Conform\u00e9ment au RGPD, vous disposez des droits suivants :<\/p>\n<p>[\/vc_column_text][uncode_list uncode_shortcode_id=\u00a0\u00bb234467&Prime;]<\/p>\n<ul>\n<li><b>Droit d&rsquo;acc\u00e8s<\/b> : obtenir une copie de vos donn\u00e9es<\/li>\n<li><b>Droit de rectification<\/b> : corriger des donn\u00e9es inexactes<\/li>\n<li><b>Droit \u00e0 l&rsquo;effacement<\/b> : demander la suppression de vos donn\u00e9es<\/li>\n<li><b>Droit \u00e0 la limitation<\/b> : restreindre le traitement de vos donn\u00e9es<\/li>\n<li><b>Droit \u00e0 la portabilit\u00e9<\/b> : r\u00e9cup\u00e9rer vos donn\u00e9es dans un format structur\u00e9<\/li>\n<li><b>Droit d&rsquo;opposition<\/b> : vous opposer au traitement de vos donn\u00e9es<\/li>\n<li><b>Droit de retirer votre consentement<\/b> : \u00e0 tout moment<\/li>\n<\/ul>\n<p>[\/uncode_list][vc_column_text uncode_shortcode_id=\u00a0\u00bb315147&Prime;]<\/p>\n<p class=\"western\">Pour exercer ces droits, contactez-nous \u00e0 : <span style=\"color: #c00000;\"><b>[contact@lilomino.fr]<\/b><\/span><\/p>\n<p class=\"western\">Vous disposez \u00e9galement du droit d&rsquo;introduire une r\u00e9clamation aupr\u00e8s de la CNIL (Commission Nationale de l&rsquo;Informatique et des Libert\u00e9s) : www.cnil.fr<\/p>\n<p>[\/vc_column_text][vc_custom_heading heading_semantic=\u00a0\u00bbh3&Prime; text_font=\u00a0\u00bbfont-110819&Prime; text_size=\u00a0\u00bbh3&Prime; uncode_shortcode_id=\u00a0\u00bb195773&Prime;]S\u00e9curit\u00e9 des donn\u00e9es[\/vc_custom_heading][vc_column_text uncode_shortcode_id=\u00a0\u00bb144639&Prime;]<\/p>\n<p class=\"western\">Nous mettons en \u0153uvre des mesures techniques et organisationnelles appropri\u00e9es pour prot\u00e9ger vos donn\u00e9es contre tout acc\u00e8s non autoris\u00e9, perte, destruction ou alt\u00e9ration :<\/p>\n<p>[\/vc_column_text][uncode_list uncode_shortcode_id=\u00a0\u00bb271896&Prime;]<\/p>\n<ul>\n<li>Certificat SSL pour le chiffrement des \u00e9changes<\/li>\n<li>Acc\u00e8s restreint aux donn\u00e9es personnelles<\/li>\n<li>Sauvegardes r\u00e9guli\u00e8res<\/li>\n<li>Mise \u00e0 jour r\u00e9guli\u00e8re de nos syst\u00e8mes de s\u00e9curit\u00e9<\/li>\n<\/ul>\n<p>[\/uncode_list][\/vc_column][\/vc_row]<\/p>\n<\/div>","protected":false},"excerpt":{"rendered":"<p>[vc_row row_height_percent=\u00a0\u00bb0&Prime; override_padding=\u00a0\u00bbyes\u00a0\u00bb h_padding=\u00a0\u00bb2&Prime; top_padding=\u00a0\u00bb2&Prime; bottom_padding=\u00a0\u00bb3&Prime; overlay_alpha=\u00a0\u00bb50&Prime; gutter_size=\u00a0\u00bb3&Prime; column_width_percent=\u00a0\u00bb100&Prime; shift_y=\u00a0\u00bb0&Prime; z_index=\u00a0\u00bb0&Prime; content_parallax=\u00a0\u00bb0&Prime; uncode_shortcode_id=\u00a0\u00bb960243&Prime;][vc_column column_width_percent=\u00a0\u00bb75&Prime; gutter_size=\u00a0\u00bb2&Prime; overlay_alpha=\u00a0\u00bb50&Prime; shift_x=\u00a0\u00bb0&Prime; shift_y=\u00a0\u00bb0&Prime; shift_y_down=\u00a0\u00bb0&Prime; z_index=\u00a0\u00bb0&Prime; [&hellip;]<\/p>\n","protected":false},"author":1,"featured_media":0,"parent":0,"menu_order":0,"comment_status":"closed","ping_status":"closed","template":"","meta":{"footnotes":""},"class_list":["post-167108","page","type-page","status-publish","hentry"],"_links":{"self":[{"href":"https:\/\/staging.lilomino.fr\/index.php\/wp-json\/wp\/v2\/pages\/167108","targetHints":{"allow":["GET"]}}],"collection":[{"href":"https:\/\/staging.lilomino.fr\/index.php\/wp-json\/wp\/v2\/pages"}],"about":[{"href":"https:\/\/staging.lilomino.fr\/index.php\/wp-json\/wp\/v2\/types\/page"}],"author":[{"embeddable":true,"href":"https:\/\/staging.lilomino.fr\/index.php\/wp-json\/wp\/v2\/users\/1"}],"replies":[{"embeddable":true,"href":"https:\/\/staging.lilomino.fr\/index.php\/wp-json\/wp\/v2\/comments?post=167108"}],"version-history":[{"count":2,"href":"https:\/\/staging.lilomino.fr\/index.php\/wp-json\/wp\/v2\/pages\/167108\/revisions"}],"predecessor-version":[{"id":167116,"href":"https:\/\/staging.lilomino.fr\/index.php\/wp-json\/wp\/v2\/pages\/167108\/revisions\/167116"}],"wp:attachment":[{"href":"https:\/\/staging.lilomino.fr\/index.php\/wp-json\/wp\/v2\/media?parent=167108"}],"curies":[{"name":"wp","href":"https:\/\/api.w.org\/{rel}","templated":true}]}}