{"id":167095,"date":"2026-03-11T13:59:34","date_gmt":"2026-03-11T12:59:34","guid":{"rendered":"https:\/\/staging.lilomino.fr\/?page_id=167095"},"modified":"2026-03-11T14:38:33","modified_gmt":"2026-03-11T13:38:33","slug":"politique-de-cookies","status":"publish","type":"page","link":"https:\/\/staging.lilomino.fr\/index.php\/politique-de-cookies\/","title":{"rendered":"Politique de cookies"},"content":{"rendered":"<div class=\"wpb-content-wrapper\"><p>[vc_row row_height_percent=\u00a0\u00bb0&Prime; override_padding=\u00a0\u00bbyes\u00a0\u00bb h_padding=\u00a0\u00bb2&Prime; top_padding=\u00a0\u00bb2&Prime; bottom_padding=\u00a0\u00bb3&Prime; overlay_alpha=\u00a0\u00bb50&Prime; gutter_size=\u00a0\u00bb3&Prime; column_width_percent=\u00a0\u00bb100&Prime; shift_y=\u00a0\u00bb0&Prime; z_index=\u00a0\u00bb0&Prime; content_parallax=\u00a0\u00bb0&Prime; uncode_shortcode_id=\u00a0\u00bb960243&Prime;][vc_column column_width_percent=\u00a0\u00bb75&Prime; gutter_size=\u00a0\u00bb2&Prime; overlay_alpha=\u00a0\u00bb50&Prime; shift_x=\u00a0\u00bb0&Prime; shift_y=\u00a0\u00bb0&Prime; shift_y_down=\u00a0\u00bb0&Prime; z_index=\u00a0\u00bb0&Prime; medium_width=\u00a0\u00bb0&Prime; mobile_width=\u00a0\u00bb0&Prime; width=\u00a0\u00bb1\/1&Prime; uncode_shortcode_id=\u00a0\u00bb211152&Prime;][vc_column_text uncode_shortcode_id=\u00a0\u00bb147876&Prime;]<i>Derni\u00e8re mise \u00e0 jour : 11 mars 2026<\/i>[\/vc_column_text][vc_custom_heading heading_semantic=\u00a0\u00bbh3&Prime; text_font=\u00a0\u00bbfont-110819&Prime; text_size=\u00a0\u00bbh3&Prime; uncode_shortcode_id=\u00a0\u00bb128050&Prime;]Qu&rsquo;est ce qu&rsquo;un cookie ?[\/vc_custom_heading][vc_column_text uncode_shortcode_id=\u00a0\u00bb281917&Prime;]Un cookie est un petit fichier texte d\u00e9pos\u00e9 sur votre terminal (ordinateur, tablette, smartphone) lors de la visite d&rsquo;un site web. Il permet de stocker des informations relatives \u00e0 votre navigation et de vous reconna\u00eetre lors de vos visites ult\u00e9rieures.[\/vc_column_text][vc_custom_heading heading_semantic=\u00a0\u00bbh3&Prime; text_font=\u00a0\u00bbfont-110819&Prime; text_size=\u00a0\u00bbh3&Prime; uncode_shortcode_id=\u00a0\u00bb153953&Prime;]Cookies utilis\u00e9s sur notre site[\/vc_custom_heading][vc_column_text uncode_shortcode_id=\u00a0\u00bb101386&Prime;]<strong>Cookies essentiels (non soumis au consentement)<\/strong><br \/>\nCes cookies sont n\u00e9cessaires au fonctionnement du site et ne peuvent \u00eatre d\u00e9sactiv\u00e9s :<\/p>\n<ul>\n<li>Cookies de session : maintien de votre session de navigation<\/li>\n<li>Cookies de consentement : enregistrement de vos pr\u00e9f\u00e9rences en mati\u00e8re de cookies<\/li>\n<\/ul>\n<p><strong>Cookies analytiques (soumis au consentement)<\/strong><br \/>\nCes cookies nous permettent d&rsquo;analyser l&rsquo;utilisation du site et d&rsquo;am\u00e9liorer nos services :<\/p>\n<ul>\n<li>Google Analytics<\/li>\n<li>Finalit\u00e9 : mesure d&rsquo;audience, statistiques de fr\u00e9quentation<\/li>\n<li>Dur\u00e9e de conservation : 13 mois<\/li>\n<li>\u00c9diteur : Google LLC<\/li>\n<li>Plus d&rsquo;infos : https:\/\/policies.google.com\/privacy<\/li>\n<\/ul>\n<p><strong>Cookies tiers<\/strong><br \/>\nCertains contenus externes peuvent d\u00e9poser des cookies :<\/p>\n<ul>\n<li>Google Maps : pour l&rsquo;affichage de la carte (plan d&rsquo;acc\u00e8s)<\/li>\n<li>HelloAsso : pour les inscriptions aux \u00e9v\u00e9nements<\/li>\n<\/ul>\n<p>[\/vc_column_text][vc_custom_heading heading_semantic=\u00a0\u00bbh3&Prime; text_font=\u00a0\u00bbfont-110819&Prime; text_size=\u00a0\u00bbh3&Prime; uncode_shortcode_id=\u00a0\u00bb859012&Prime;]Gestion des cookies[\/vc_custom_heading][vc_column_text uncode_shortcode_id=\u00a0\u00bb142497&Prime;]Vous pouvez g\u00e9rer vos pr\u00e9f\u00e9rences en mati\u00e8re de cookies \u00e0 tout moment :<br \/>\n<strong>Via le bandeau de consentement<\/strong><br \/>\nLors de votre premi\u00e8re visite, un bandeau vous permet d&rsquo;accepter ou de refuser les cookies non essentiels. Vous pouvez modifier vos choix \u00e0 tout moment en cliquant sur le lien en bas de page.<br \/>\n<strong>Via votre navigateur<\/strong><br \/>\nVous pouvez \u00e9galement configurer votre navigateur pour refuser les cookies :<\/p>\n<ul>\n<li>Chrome : Param\u00e8tres &gt; Confidentialit\u00e9 et s\u00e9curit\u00e9 &gt; Cookies<\/li>\n<li>Firefox : Options &gt; Vie priv\u00e9e et s\u00e9curit\u00e9 &gt; Cookies<\/li>\n<li>Safari : Pr\u00e9f\u00e9rences &gt; Confidentialit\u00e9 &gt; Cookies<\/li>\n<li>Edge : Param\u00e8tres &gt; Cookies et autorisations de site<\/li>\n<\/ul>\n<p>[\/vc_column_text][vc_column_text uncode_shortcode_id=\u00a0\u00bb204222&Prime;]<\/p>\n<p class=\"western\">\u26a0\ufe0f <b>Attention : <\/b>le refus des cookies peut limiter certaines fonctionnalit\u00e9s du site.<\/p>\n<p>[\/vc_column_text][\/vc_column][\/vc_row]<\/p>\n<\/div>","protected":false},"excerpt":{"rendered":"<p>[vc_row row_height_percent=\u00a0\u00bb0&Prime; override_padding=\u00a0\u00bbyes\u00a0\u00bb h_padding=\u00a0\u00bb2&Prime; top_padding=\u00a0\u00bb2&Prime; bottom_padding=\u00a0\u00bb3&Prime; overlay_alpha=\u00a0\u00bb50&Prime; gutter_size=\u00a0\u00bb3&Prime; column_width_percent=\u00a0\u00bb100&Prime; shift_y=\u00a0\u00bb0&Prime; z_index=\u00a0\u00bb0&Prime; content_parallax=\u00a0\u00bb0&Prime; uncode_shortcode_id=\u00a0\u00bb960243&Prime;][vc_column column_width_percent=\u00a0\u00bb75&Prime; gutter_size=\u00a0\u00bb2&Prime; overlay_alpha=\u00a0\u00bb50&Prime; shift_x=\u00a0\u00bb0&Prime; shift_y=\u00a0\u00bb0&Prime; shift_y_down=\u00a0\u00bb0&Prime; z_index=\u00a0\u00bb0&Prime; [&hellip;]<\/p>\n","protected":false},"author":1,"featured_media":0,"parent":0,"menu_order":0,"comment_status":"closed","ping_status":"closed","template":"","meta":{"footnotes":""},"class_list":["post-167095","page","type-page","status-publish","hentry"],"_links":{"self":[{"href":"https:\/\/staging.lilomino.fr\/index.php\/wp-json\/wp\/v2\/pages\/167095","targetHints":{"allow":["GET"]}}],"collection":[{"href":"https:\/\/staging.lilomino.fr\/index.php\/wp-json\/wp\/v2\/pages"}],"about":[{"href":"https:\/\/staging.lilomino.fr\/index.php\/wp-json\/wp\/v2\/types\/page"}],"author":[{"embeddable":true,"href":"https:\/\/staging.lilomino.fr\/index.php\/wp-json\/wp\/v2\/users\/1"}],"replies":[{"embeddable":true,"href":"https:\/\/staging.lilomino.fr\/index.php\/wp-json\/wp\/v2\/comments?post=167095"}],"version-history":[{"count":10,"href":"https:\/\/staging.lilomino.fr\/index.php\/wp-json\/wp\/v2\/pages\/167095\/revisions"}],"predecessor-version":[{"id":167109,"href":"https:\/\/staging.lilomino.fr\/index.php\/wp-json\/wp\/v2\/pages\/167095\/revisions\/167109"}],"wp:attachment":[{"href":"https:\/\/staging.lilomino.fr\/index.php\/wp-json\/wp\/v2\/media?parent=167095"}],"curies":[{"name":"wp","href":"https:\/\/api.w.org\/{rel}","templated":true}]}}