{"id":167015,"date":"2026-03-08T23:59:45","date_gmt":"2026-03-08T22:59:45","guid":{"rendered":"https:\/\/staging.lilomino.fr\/?page_id=167015"},"modified":"2026-03-09T00:03:06","modified_gmt":"2026-03-08T23:03:06","slug":"adhesion","status":"publish","type":"page","link":"https:\/\/staging.lilomino.fr\/index.php\/adhesion\/","title":{"rendered":"Adh\u00e9sion"},"content":{"rendered":"<div class=\"wpb-content-wrapper\"><p>[vc_row row_height_percent=\u00a0\u00bb40&Prime; override_padding=\u00a0\u00bbyes\u00a0\u00bb h_padding=\u00a0\u00bb2&Prime; top_padding=\u00a0\u00bb2&Prime; bottom_padding=\u00a0\u00bb2&Prime; back_color=\u00a0\u00bbcolor-210407&Prime; overlay_alpha=\u00a0\u00bb50&Prime; gutter_size=\u00a0\u00bb3&Prime; column_width_percent=\u00a0\u00bb100&Prime; shift_y=\u00a0\u00bb0&Prime; z_index=\u00a0\u00bb0&Prime; top_divider=\u00a0\u00bbswoosh-opacity\u00a0\u00bb bottom_divider=\u00a0\u00bbswoosh-opacity\u00a0\u00bb content_parallax=\u00a0\u00bb0&Prime; uncode_shortcode_id=\u00a0\u00bb911237&Prime; back_color_type=\u00a0\u00bbuncode-palette\u00a0\u00bb][vc_column column_width_percent=\u00a0\u00bb100&Prime; position_vertical=\u00a0\u00bbmiddle\u00a0\u00bb gutter_size=\u00a0\u00bb3&Prime; style=\u00a0\u00bbdark\u00a0\u00bb overlay_alpha=\u00a0\u00bb50&Prime; shift_x=\u00a0\u00bb0&Prime; shift_y=\u00a0\u00bb0&Prime; shift_y_down=\u00a0\u00bb0&Prime; z_index=\u00a0\u00bb0&Prime; medium_width=\u00a0\u00bb0&Prime; mobile_width=\u00a0\u00bb0&Prime; width=\u00a0\u00bb1\/1&Prime; uncode_shortcode_id=\u00a0\u00bb120203&Prime;][vc_custom_heading text_color=\u00a0\u00bbcolor-xsdn\u00a0\u00bb heading_semantic=\u00a0\u00bbp\u00a0\u00bb text_font=\u00a0\u00bbfont-110819&Prime; text_height=\u00a0\u00bbfontheight-357766&Prime; css_animation=\u00a0\u00bbalpha-anim\u00a0\u00bb uncode_shortcode_id=\u00a0\u00bb130016&Prime; text_color_type=\u00a0\u00bbuncode-palette\u00a0\u00bb]Adh\u00e9sion valable du 01 janvier 2026 au 31 d\u00e9cembre 2026[\/vc_custom_heading][vc_column_text uncode_shortcode_id=\u00a0\u00bb199950&Prime;]Adh\u00e9rer \u00e0 Lilomino, c\u2019est ouvrir \u00e0 votre enfant et \u00e0 votre famille un espace de cr\u00e9ativit\u00e9 vivant, au c\u0153ur de Fieff\u00e9.<\/p>\n<p>L\u2019adh\u00e9sion permet :[\/vc_column_text][uncode_list uncode_shortcode_id=\u00a0\u00bb171206&Prime;]<\/p>\n<ul>\n<li>l\u2019acc\u00e8s aux installations et \u00e9v\u00e9nements r\u00e9serv\u00e9s aux familles adh\u00e9rentes,<\/li>\n<li>une participation prioritaire aux ateliers et propositions artistiques,<\/li>\n<li>l\u2019inscription dans une communaut\u00e9 engag\u00e9e pour l\u2019acc\u00e8s \u00e0 l\u2019art et \u00e0 la culture d\u00e8s la petite enfance.<\/li>\n<\/ul>\n<p>[\/uncode_list][\/vc_column][\/vc_row][vc_row row_height_percent=\u00a0\u00bb0&Prime; override_padding=\u00a0\u00bbyes\u00a0\u00bb h_padding=\u00a0\u00bb2&Prime; top_padding=\u00a0\u00bb3&Prime; bottom_padding=\u00a0\u00bb3&Prime; back_color=\u00a0\u00bbcolor-lxmt\u00a0\u00bb overlay_alpha=\u00a0\u00bb50&Prime; gutter_size=\u00a0\u00bb3&Prime; column_width_percent=\u00a0\u00bb100&Prime; shift_y=\u00a0\u00bb0&Prime; z_index=\u00a0\u00bb0&Prime; content_parallax=\u00a0\u00bb0&Prime; uncode_shortcode_id=\u00a0\u00bb142348&Prime; back_color_type=\u00a0\u00bbuncode-palette\u00a0\u00bb][vc_column width=\u00a0\u00bb1\/1&Prime;][vc_raw_html]JTNDaWZyYW1lJTIwaWQlM0QlMjJoYVdpZGdldCUyMiUyMGFsbG93dHJhbnNwYXJlbmN5JTNEJTIydHJ1ZSUyMiUyMHNjcm9sbGluZyUzRCUyMmF1dG8lMjIlMjBzcmMlM0QlMjJodHRwcyUzQSUyRiUyRnd3dy5oZWxsb2Fzc28uY29tJTJGYXNzb2NpYXRpb25zJTJGbGlsb21pbm8tbGUtbGlldS1kZS1sYS1jcmVhdGl2aXRlJTJGYWRoZXNpb25zJTJGYWRoZXNpb24tZmFtaWxsZS1saWxvbWlubyUyRndpZGdldCUyMiUyMHN0eWxlJTNEJTIyd2lkdGglM0ElMjAxMDAlMjUlM0IlMjBoZWlnaHQlM0ElMjA3NTBweCUzQiUyMGJvcmRlciUzQSUyMG5vbmUlM0IlMjIlMjBvbmxvYWQlM0QlMjJ3aW5kb3cuYWRkRXZlbnRMaXN0ZW5lciUyOCUyN21lc3NhZ2UlMjclMkMlMjBmdW5jdGlvbiUyOGUlMjklMjAlN0IlMjBjb25zdCUyMGRhdGFIZWlnaHQlMjAlM0QlMjBlLmRhdGEuaGVpZ2h0JTNCJTIwY29uc3QlMjBoYVdpZGdldEVsZW1lbnQlMjAlM0QlMjBkb2N1bWVudC5nZXRFbGVtZW50QnlJZCUyOCUyN2hhV2lkZ2V0JTI3JTI5JTNCJTIwJTBBJTIwJTIwaWYlMjAlMjhkYXRhSGVpZ2h0JTIwJTNFJTIwcGFyc2VGbG9hdCUyOGhhV2lkZ2V0RWxlbWVudC5oZWlnaHQlMjAlN0MlN0MlMjAwJTI5JTI5JTIwJTdCJTIwaGFXaWRnZXRFbGVtZW50LmhlaWdodCUyMCUzRCUyMGRhdGFIZWlnaHQlMjAlMkIlMjAlMjdweCUyNyUzQiU3RCU3RCUyOSUyMiUzRSUzQyUyRmlmcmFtZSUzRQ==[\/vc_raw_html][\/vc_column][\/vc_row]<\/p>\n<\/div>","protected":false},"excerpt":{"rendered":"<p>[vc_row row_height_percent=\u00a0\u00bb40&Prime; override_padding=\u00a0\u00bbyes\u00a0\u00bb h_padding=\u00a0\u00bb2&Prime; top_padding=\u00a0\u00bb2&Prime; bottom_padding=\u00a0\u00bb2&Prime; back_color=\u00a0\u00bbcolor-210407&Prime; overlay_alpha=\u00a0\u00bb50&Prime; gutter_size=\u00a0\u00bb3&Prime; column_width_percent=\u00a0\u00bb100&Prime; shift_y=\u00a0\u00bb0&Prime; z_index=\u00a0\u00bb0&Prime; top_divider=\u00a0\u00bbswoosh-opacity\u00a0\u00bb bottom_divider=\u00a0\u00bbswoosh-opacity\u00a0\u00bb content_parallax=\u00a0\u00bb0&Prime; uncode_shortcode_id=\u00a0\u00bb911237&Prime; back_color_type=\u00a0\u00bbuncode-palette\u00a0\u00bb][vc_column column_width_percent=\u00a0\u00bb100&Prime; position_vertical=\u00a0\u00bbmiddle\u00a0\u00bb gutter_size=\u00a0\u00bb3&Prime; [&hellip;]<\/p>\n","protected":false},"author":1,"featured_media":0,"parent":0,"menu_order":0,"comment_status":"closed","ping_status":"closed","template":"","meta":{"footnotes":""},"class_list":["post-167015","page","type-page","status-publish","hentry"],"_links":{"self":[{"href":"https:\/\/staging.lilomino.fr\/index.php\/wp-json\/wp\/v2\/pages\/167015","targetHints":{"allow":["GET"]}}],"collection":[{"href":"https:\/\/staging.lilomino.fr\/index.php\/wp-json\/wp\/v2\/pages"}],"about":[{"href":"https:\/\/staging.lilomino.fr\/index.php\/wp-json\/wp\/v2\/types\/page"}],"author":[{"embeddable":true,"href":"https:\/\/staging.lilomino.fr\/index.php\/wp-json\/wp\/v2\/users\/1"}],"replies":[{"embeddable":true,"href":"https:\/\/staging.lilomino.fr\/index.php\/wp-json\/wp\/v2\/comments?post=167015"}],"version-history":[{"count":6,"href":"https:\/\/staging.lilomino.fr\/index.php\/wp-json\/wp\/v2\/pages\/167015\/revisions"}],"predecessor-version":[{"id":167021,"href":"https:\/\/staging.lilomino.fr\/index.php\/wp-json\/wp\/v2\/pages\/167015\/revisions\/167021"}],"wp:attachment":[{"href":"https:\/\/staging.lilomino.fr\/index.php\/wp-json\/wp\/v2\/media?parent=167015"}],"curies":[{"name":"wp","href":"https:\/\/api.w.org\/{rel}","templated":true}]}}