{"id":166326,"date":"2025-12-30T02:01:35","date_gmt":"2025-12-30T01:01:35","guid":{"rendered":"https:\/\/staging.lilomino.fr\/?page_id=166326"},"modified":"2026-03-12T16:20:34","modified_gmt":"2026-03-12T15:20:34","slug":"creamino","status":"publish","type":"page","link":"https:\/\/staging.lilomino.fr\/index.php\/creamino\/","title":{"rendered":"Cr\u00e9amino"},"content":{"rendered":"<div class=\"wpb-content-wrapper\"><p>[vc_row unlock_row_content=\u00a0\u00bbyes\u00a0\u00bb row_height_percent=\u00a0\u00bb0&Prime; override_padding=\u00a0\u00bbyes\u00a0\u00bb h_padding=\u00a0\u00bb2&Prime; top_padding=\u00a0\u00bb0&Prime; bottom_padding=\u00a0\u00bb0&Prime; back_color=\u00a0\u00bbcolor-xsdn\u00a0\u00bb overlay_alpha=\u00a0\u00bb27&Prime; gutter_size=\u00a0\u00bb3&Prime; column_width_percent=\u00a0\u00bb100&Prime; shift_y=\u00a0\u00bb0&Prime; z_index=\u00a0\u00bb0&Prime; bottom_divider=\u00a0\u00bbgradient\u00a0\u00bb content_parallax=\u00a0\u00bb0&Prime; el_class=\u00a0\u00bbdemo-section demo-hero\u00a0\u00bb uncode_shortcode_id=\u00a0\u00bb180434&Prime; back_color_type=\u00a0\u00bbuncode-palette\u00a0\u00bb][vc_column column_width_percent=\u00a0\u00bb100&Prime; gutter_size=\u00a0\u00bb2&Prime; style=\u00a0\u00bbdark\u00a0\u00bb overlay_alpha=\u00a0\u00bb50&Prime; shift_x=\u00a0\u00bb0&Prime; shift_y=\u00a0\u00bb0&Prime; shift_y_down=\u00a0\u00bb0&Prime; z_index=\u00a0\u00bb0&Prime; medium_width=\u00a0\u00bb0&Prime; mobile_width=\u00a0\u00bb0&Prime; zoom_width=\u00a0\u00bb0&Prime; zoom_height=\u00a0\u00bb0&Prime; width=\u00a0\u00bb1\/1&Prime; uncode_shortcode_id=\u00a0\u00bb188669&Prime;]\n\t\t\t\t<p class=\"rs-p-wp-fix\"><\/p>\n\t\t\t\t<sr7-module data-alias=\"LiloSlider01\" data-id=\"1\" id=\"SR7_1_1\" class=\"rs-ov-hidden\" data-version=\"6.7.40\">\n\t\t\t\t\t<sr7-adjuster><\/sr7-adjuster>\n\t\t\t\t\t<sr7-content>\n\t\t\t\t\t\t<sr7-slide id=\"SR7_1_1-5\" data-key=\"5\">\n\t\t\t\t\t\t<\/sr7-slide>\n\t\t\t\t\t\t<sr7-slide id=\"SR7_1_1-1\" data-key=\"1\">\n\t\t\t\t\t\t\t<sr7-bg id=\"SR7_1_1-1-1\" class=\"sr7-layer\"><noscript><img decoding=\"async\" src=\"https:\/\/staging.lilomino.fr\/wp-content\/uploads\/2026\/02\/Creamino_Feutrine_01.jpg\" alt=\"\" title=\"Creamino_Feutrine_01\"><\/noscript><\/sr7-bg>\n\t\t\t\t\t\t<\/sr7-slide>\n\t\t\t\t\t\t<sr7-slide id=\"SR7_1_1-3\" data-key=\"3\">\n\t\t\t\t\t\t\t<sr7-bg id=\"SR7_1_1-3-1\" class=\"sr7-layer\"><noscript><img decoding=\"async\" src=\"https:\/\/staging.lilomino.fr\/wp-content\/uploads\/2026\/02\/Trace-Craie_02.jpg\" alt=\"\" title=\"Trace-Craie_02\"><\/noscript><\/sr7-bg>\n\t\t\t\t\t\t<\/sr7-slide>\n\t\t\t\t\t\t<sr7-slide id=\"SR7_1_1-4\" data-key=\"4\">\n\t\t\t\t\t\t\t<sr7-bg id=\"SR7_1_1-4-1\" class=\"sr7-layer\"><noscript><img decoding=\"async\" src=\"https:\/\/staging.lilomino.fr\/wp-content\/uploads\/2026\/02\/Toutype_Kids-03.jpg\" alt=\"\" title=\"Toutype_Kids-03\"><\/noscript><\/sr7-bg>\n\t\t\t\t\t\t<\/sr7-slide>\n\t\t\t\t\t\t<sr7-slide id=\"SR7_1_1-11\" data-key=\"11\">\n\t\t\t\t\t\t\t<sr7-bg id=\"SR7_1_1-11-1\" class=\"sr7-layer\"><noscript><img decoding=\"async\" src=\"https:\/\/staging.lilomino.fr\/wp-content\/uploads\/2026\/02\/Morpho-02-decor-opti.webp\" alt=\"\" title=\"Morpho-02-decor-opti\"><\/noscript><\/sr7-bg>\n\t\t\t\t\t\t<\/sr7-slide>\n\t\t\t\t\t\t<sr7-slide id=\"SR7_1_1-2\" data-key=\"2\">\n\t\t\t\t\t\t\t<sr7-txt id=\"SR7_1_1-2-3\" class=\"sr7-layer\">CR\u00c9AMINO<\/sr7-txt>\n\t\t\t\t\t\t<\/sr7-slide>\n\t\t\t\t\t<\/sr7-content>\n\t\t\t\t\t<image_lists style=\"display:none\">\n\t\t\t\t\t\t<img data-src=\"\/\/staging.lilomino.fr\/wp-content\/uploads\/2026\/02\/Creamino_Feutrine_01.jpg\" data-libid=\"166860\" data-lib=\"medialibrary\" title=\"Creamino_Feutrine_01\" width=\"0\" height=\"0\" data-dbsrc=\"Ly9zdGFnaW5nLmxpbG9taW5vLmZyL3dwLWNvbnRlbnQvdXBsb2Fkcy8yMDI2LzAyL0NyZWFtaW5vX0ZldXRyaW5lXzAxLmpwZw==\"\/>\n\t\t\t\t\t\t<img data-src=\"\/\/staging.lilomino.fr\/wp-content\/uploads\/2026\/03\/BG_CreaMINO.png\" data-libid=\"167167\" data-lib=\"medialibrary\" title=\"BG_CreaMINO\" width=\"0\" height=\"0\" data-dbsrc=\"Ly9zdGFnaW5nLmxpbG9taW5vLmZyL3dwLWNvbnRlbnQvdXBsb2Fkcy8yMDI2LzAzL0JHX0NyZWFNSU5PLnBuZw==\"\/>\n\t\t\t\t\t\t<img data-src=\"\/\/staging.lilomino.fr\/wp-content\/uploads\/2026\/02\/Trace-Craie_02.jpg\" data-libid=\"166839\" data-lib=\"medialibrary\" title=\"Trace-Craie_02\" width=\"0\" height=\"0\" data-dbsrc=\"Ly9zdGFnaW5nLmxpbG9taW5vLmZyL3dwLWNvbnRlbnQvdXBsb2Fkcy8yMDI2LzAyL1RyYWNlLUNyYWllXzAyLmpwZw==\"\/>\n\t\t\t\t\t\t<img data-src=\"\/\/staging.lilomino.fr\/wp-content\/uploads\/2026\/02\/Toutype_Kids-03.jpg\" data-libid=\"166548\" data-lib=\"medialibrary\" title=\"Toutype_Kids-03\" width=\"0\" height=\"0\" data-dbsrc=\"Ly9zdGFnaW5nLmxpbG9taW5vLmZyL3dwLWNvbnRlbnQvdXBsb2Fkcy8yMDI2LzAyL1RvdXR5cGVfS2lkcy0wMy5qcGc=\"\/>\n\t\t\t\t\t\t<img data-src=\"\/\/staging.lilomino.fr\/wp-content\/uploads\/2026\/02\/Morpho-02-decor-opti.webp\" data-libid=\"166467\" data-lib=\"medialibrary\" title=\"Morpho-02-decor-opti\" width=\"0\" height=\"0\" data-dbsrc=\"Ly9zdGFnaW5nLmxpbG9taW5vLmZyL3dwLWNvbnRlbnQvdXBsb2Fkcy8yMDI2LzAyL01vcnBoby0wMi1kZWNvci1vcHRpLndlYnA=\"\/>\n\t\t\t\t\t<\/image_lists>\n\t\t\t\t<\/sr7-module>\n\t\t\t\t<script>\n\t\t\t\t\tSR7.PMH ??={}; SR7.PMH[\"SR7_1_1\"] = {cn:100,state:false,fn: function() { if (_tpt!==undefined && _tpt.prepareModuleHeight !== undefined) {  _tpt.prepareModuleHeight({id:\"SR7_1_1\",el:[600,600,768,960,720],type:'standard',shdw:'0',gh:[600,600,768,960,720],gw:[1240,1240,1024,778,480],vpt:['-100px&#039;,&#039;-100px&#039;,&#039;-100px&#039;,&#039;-100px&#039;,&#039;-100px'],size:{fullWidth:true, fullHeight:false},mh:'0',onh:0,onw:0,bg:{color:'{\"orig\":\"transparent\",\"type\":\"solid\",\"string\":\"transparent\"}'}});   SR7.PMH[\"SR7_1_1\"].state=true;} else if(SR7.PMH[\"SR7_1_1\"].cn-->0)\tsetTimeout( SR7.PMH[\"SR7_1_1\"].fn,19);}};SR7.PMH[\"SR7_1_1\" ].fn();\n\t\t\t\t<\/script>\n[\/vc_column][\/vc_row][vc_row unlock_row_content=\u00a0\u00bbyes\u00a0\u00bb row_height_percent=\u00a0\u00bb80&Prime; override_padding=\u00a0\u00bbyes\u00a0\u00bb h_padding=\u00a0\u00bb2&Prime; top_padding=\u00a0\u00bb2&Prime; bottom_padding=\u00a0\u00bb4&Prime; back_image=\u00a0\u00bb167042&Prime; multiple_media=\u00a0\u00bbyes\u00a0\u00bb medias=\u00a0\u00bb166860,166839,166546,166468&Prime; bg_transition_time=\u00a0\u00bb500&Prime; bg_carousel_time=\u00a0\u00bb6000&Prime; bg_transition_threshold=\u00a0\u00bb0&Prime; overlay_color=\u00a0\u00bbcolor-166784&Prime; overlay_alpha=\u00a0\u00bb20&Prime; gutter_size=\u00a0\u00bb3&Prime; column_width_percent=\u00a0\u00bb100&Prime; shift_y=\u00a0\u00bb0&Prime; z_index=\u00a0\u00bb0&Prime; desktop_visibility=\u00a0\u00bbyes\u00a0\u00bb medium_visibility=\u00a0\u00bbyes\u00a0\u00bb mobile_visibility=\u00a0\u00bbyes\u00a0\u00bb content_parallax=\u00a0\u00bb0&Prime; uncode_shortcode_id=\u00a0\u00bb719353&Prime; overlay_color_type=\u00a0\u00bbuncode-palette\u00a0\u00bb][vc_column column_width_percent=\u00a0\u00bb100&Prime; position_horizontal=\u00a0\u00bbleft\u00a0\u00bb position_vertical=\u00a0\u00bbbottom\u00a0\u00bb gutter_size=\u00a0\u00bb3&Prime; overlay_alpha=\u00a0\u00bb50&Prime; shift_x=\u00a0\u00bb0&Prime; shift_y=\u00a0\u00bb0&Prime; shift_y_down=\u00a0\u00bb0&Prime; z_index=\u00a0\u00bb0&Prime; medium_width=\u00a0\u00bb0&Prime; mobile_width=\u00a0\u00bb0&Prime; width=\u00a0\u00bb1\/1&Prime; uncode_shortcode_id=\u00a0\u00bb394726&Prime;][vc_custom_heading text_color=\u00a0\u00bbcolor-xsdn\u00a0\u00bb heading_semantic=\u00a0\u00bbh1&Prime; text_font=\u00a0\u00bbfont-121508&Prime; text_size=\u00a0\u00bbfontsize-445851&Prime; css_animation=\u00a0\u00bbright-t-left\u00a0\u00bb uncode_shortcode_id=\u00a0\u00bb250931&Prime; text_color_type=\u00a0\u00bbuncode-palette\u00a0\u00bb]Cr\u00e9aMINO[\/vc_custom_heading][\/vc_column][\/vc_row][vc_row row_height_percent=\u00a0\u00bb40&Prime; override_padding=\u00a0\u00bbyes\u00a0\u00bb h_padding=\u00a0\u00bb2&Prime; top_padding=\u00a0\u00bb1&Prime; bottom_padding=\u00a0\u00bb1&Prime; back_color=\u00a0\u00bbcolor-166784&Prime; overlay_alpha=\u00a0\u00bb50&Prime; gutter_size=\u00a0\u00bb3&Prime; column_width_percent=\u00a0\u00bb100&Prime; shift_y=\u00a0\u00bb0&Prime; z_index=\u00a0\u00bb0&Prime; top_divider=\u00a0\u00bbswoosh-opacity\u00a0\u00bb bottom_divider=\u00a0\u00bbswoosh-opacity\u00a0\u00bb content_parallax=\u00a0\u00bb0&Prime; uncode_shortcode_id=\u00a0\u00bb592127&Prime; back_color_type=\u00a0\u00bbuncode-palette\u00a0\u00bb][vc_column column_width_percent=\u00a0\u00bb75&Prime; position_vertical=\u00a0\u00bbmiddle\u00a0\u00bb align_horizontal=\u00a0\u00bbalign_center\u00a0\u00bb gutter_size=\u00a0\u00bb3&Prime; style=\u00a0\u00bbdark\u00a0\u00bb overlay_alpha=\u00a0\u00bb50&Prime; shift_x=\u00a0\u00bb0&Prime; shift_y=\u00a0\u00bb0&Prime; shift_y_down=\u00a0\u00bb0&Prime; z_index=\u00a0\u00bb0&Prime; medium_width=\u00a0\u00bb0&Prime; mobile_width=\u00a0\u00bb0&Prime; width=\u00a0\u00bb1\/1&Prime; uncode_shortcode_id=\u00a0\u00bb423162&Prime;][vc_custom_heading text_color=\u00a0\u00bbcolor-xsdn\u00a0\u00bb heading_semantic=\u00a0\u00bbp\u00a0\u00bb text_font=\u00a0\u00bbfont-110819&Prime; text_height=\u00a0\u00bbfontheight-357766&Prime; css_animation=\u00a0\u00bbtext-reveal\u00a0\u00bb text_reveal_opacity=\u00a0\u00bb0&Prime; text_reveal_speed=\u00a0\u00bb50&Prime; text_reveal_top=\u00a0\u00bb68&Prime; uncode_shortcode_id=\u00a0\u00bb268468&Prime; text_color_type=\u00a0\u00bbuncode-palette\u00a0\u00bb]Cr\u00e9amino, texte de pr\u00e9sentation, description \u00e0 \u00e9crire &#8211; Cr\u00e9amino, texte de pr\u00e9sentation, description \u00e0 \u00e9crire &#8211; Cr\u00e9amino, texte de pr\u00e9sentation, description \u00e0 \u00e9crire -[\/vc_custom_heading][\/vc_column][\/vc_row][vc_row row_height_percent=\u00a0\u00bb0&Prime; overlay_alpha=\u00a0\u00bb50&Prime; gutter_size=\u00a0\u00bb3&Prime; column_width_percent=\u00a0\u00bb100&Prime; shift_y=\u00a0\u00bb0&Prime; z_index=\u00a0\u00bb0&Prime; content_parallax=\u00a0\u00bb0&Prime; uncode_shortcode_id=\u00a0\u00bb123896&Prime;][vc_column width=\u00a0\u00bb1\/1&Prime;][vc_custom_heading uncode_shortcode_id=\u00a0\u00bb109353&Prime;]Dans les murs[\/vc_custom_heading][uncode_index el_id=\u00a0\u00bbindex-129901&Prime; loop=\u00a0\u00bbsize:10|order_by:date|post_type:portfolio|tax_query:77|by_id:166968,-166962,166942,-166938,-166926,-4089|taxonomy_count:10&Prime; screen_lg=\u00a0\u00bb1000&Prime; screen_md=\u00a0\u00bb600&Prime; screen_sm=\u00a0\u00bb480&Prime; filter_all_opposite=\u00a0\u00bbyes\u00a0\u00bb gutter_size=\u00a0\u00bb2&Prime; portfolio_items=\u00a0\u00bbmedia|featured|onpost|original,detail-111142|custom-field-billets,custom_fields_group|icon_value_label|Billets|flex|left|-,title|-\u00a0\u00bb single_text=\u00a0\u00bboverlay\u00a0\u00bb single_width=\u00a0\u00bb6&Prime; images_size=\u00a0\u00bbsixteen-nine\u00a0\u00bb single_overlay_color=\u00a0\u00bbcolor-210407&Prime; single_overlay_coloration=\u00a0\u00bbbottom_gradient\u00a0\u00bb single_overlay_opacity=\u00a0\u00bb75&Prime; single_overlay_visible=\u00a0\u00bbyes\u00a0\u00bb single_text_visible=\u00a0\u00bbyes\u00a0\u00bb single_text_anim=\u00a0\u00bbno\u00a0\u00bb single_image_magnetic=\u00a0\u00bbyes\u00a0\u00bb single_v_position=\u00a0\u00bbjustify\u00a0\u00bb single_padding=\u00a0\u00bb2&Prime; single_title_dimension=\u00a0\u00bbfontsize-155944&Prime; uncode_shortcode_id=\u00a0\u00bb192002&Prime; items=\u00a0\u00bbe30=\u00a0\u00bb order_ids=\u00a0\u00bb4089&Prime;][vc_custom_heading uncode_shortcode_id=\u00a0\u00bb949680&Prime;]Hors les murs[\/vc_custom_heading][uncode_index el_id=\u00a0\u00bbindex-129901&Prime; loop=\u00a0\u00bbsize:10|order_by:date|post_type:portfolio|tax_query:76|by_id:166968,-166962,166942,-166938,-166926,-4089,166990|taxonomy_count:10&Prime; screen_lg=\u00a0\u00bb1000&Prime; screen_md=\u00a0\u00bb600&Prime; screen_sm=\u00a0\u00bb480&Prime; filter_all_opposite=\u00a0\u00bbyes\u00a0\u00bb gutter_size=\u00a0\u00bb2&Prime; portfolio_items=\u00a0\u00bbmedia|featured|onpost|original,detail-111142|custom-field-billets,custom_fields_group|icon_value_label|Billets|flex|left|-,title|-\u00a0\u00bb single_text=\u00a0\u00bboverlay\u00a0\u00bb single_width=\u00a0\u00bb6&Prime; images_size=\u00a0\u00bbsixteen-nine\u00a0\u00bb single_overlay_color=\u00a0\u00bbcolor-210407&Prime; single_overlay_coloration=\u00a0\u00bbbottom_gradient\u00a0\u00bb single_overlay_opacity=\u00a0\u00bb75&Prime; single_overlay_visible=\u00a0\u00bbyes\u00a0\u00bb single_text_visible=\u00a0\u00bbyes\u00a0\u00bb single_text_anim=\u00a0\u00bbno\u00a0\u00bb single_image_magnetic=\u00a0\u00bbyes\u00a0\u00bb single_v_position=\u00a0\u00bbjustify\u00a0\u00bb single_padding=\u00a0\u00bb2&Prime; single_title_dimension=\u00a0\u00bbfontsize-155944&Prime; uncode_shortcode_id=\u00a0\u00bb480721&Prime; items=\u00a0\u00bbe30=\u00a0\u00bb order_ids=\u00a0\u00bb4089&Prime;][\/vc_column][\/vc_row][vc_row unlock_row_content=\u00a0\u00bbyes\u00a0\u00bb row_height_percent=\u00a0\u00bb80&Prime; override_padding=\u00a0\u00bbyes\u00a0\u00bb h_padding=\u00a0\u00bb2&Prime; top_padding=\u00a0\u00bb2&Prime; bottom_padding=\u00a0\u00bb4&Prime; back_image=\u00a0\u00bb167043&Prime; multiple_media=\u00a0\u00bbyes\u00a0\u00bb medias=\u00a0\u00bb166860,166839,166546,166468&Prime; bg_transition_time=\u00a0\u00bb500&Prime; bg_carousel_time=\u00a0\u00bb6000&Prime; bg_transition_threshold=\u00a0\u00bb0&Prime; overlay_color=\u00a0\u00bbcolor-954671&Prime; overlay_alpha=\u00a0\u00bb20&Prime; gutter_size=\u00a0\u00bb3&Prime; column_width_percent=\u00a0\u00bb100&Prime; shift_y=\u00a0\u00bb0&Prime; z_index=\u00a0\u00bb0&Prime; content_parallax=\u00a0\u00bb0&Prime; uncode_shortcode_id=\u00a0\u00bb132668&Prime; overlay_color_type=\u00a0\u00bbuncode-palette\u00a0\u00bb][vc_column column_width_percent=\u00a0\u00bb100&Prime; position_horizontal=\u00a0\u00bbleft\u00a0\u00bb position_vertical=\u00a0\u00bbbottom\u00a0\u00bb gutter_size=\u00a0\u00bb3&Prime; overlay_alpha=\u00a0\u00bb50&Prime; shift_x=\u00a0\u00bb0&Prime; shift_y=\u00a0\u00bb0&Prime; shift_y_down=\u00a0\u00bb0&Prime; z_index=\u00a0\u00bb0&Prime; medium_width=\u00a0\u00bb0&Prime; mobile_width=\u00a0\u00bb0&Prime; width=\u00a0\u00bb1\/1&Prime; uncode_shortcode_id=\u00a0\u00bb394726&Prime;][vc_custom_heading text_color=\u00a0\u00bbcolor-xsdn\u00a0\u00bb heading_semantic=\u00a0\u00bbh1&Prime; text_font=\u00a0\u00bbfont-121508&Prime; text_size=\u00a0\u00bbfontsize-445851&Prime; css_animation=\u00a0\u00bbright-t-left\u00a0\u00bb uncode_shortcode_id=\u00a0\u00bb133863&Prime; text_color_type=\u00a0\u00bbuncode-palette\u00a0\u00bb]ExpoMINO[\/vc_custom_heading][\/vc_column][\/vc_row]<\/p>\n<\/div>","protected":false},"excerpt":{"rendered":"<p>[vc_row unlock_row_content=\u00a0\u00bbyes\u00a0\u00bb row_height_percent=\u00a0\u00bb0&Prime; override_padding=\u00a0\u00bbyes\u00a0\u00bb h_padding=\u00a0\u00bb2&Prime; top_padding=\u00a0\u00bb0&Prime; bottom_padding=\u00a0\u00bb0&Prime; back_color=\u00a0\u00bbcolor-xsdn\u00a0\u00bb overlay_alpha=\u00a0\u00bb27&Prime; gutter_size=\u00a0\u00bb3&Prime; column_width_percent=\u00a0\u00bb100&Prime; shift_y=\u00a0\u00bb0&Prime; z_index=\u00a0\u00bb0&Prime; bottom_divider=\u00a0\u00bbgradient\u00a0\u00bb content_parallax=\u00a0\u00bb0&Prime; el_class=\u00a0\u00bbdemo-section demo-hero\u00a0\u00bb uncode_shortcode_id=\u00a0\u00bb180434&Prime; back_color_type=\u00a0\u00bbuncode-palette\u00a0\u00bb][vc_column column_width_percent=\u00a0\u00bb100&Prime; [&hellip;]<\/p>\n","protected":false},"author":1,"featured_media":0,"parent":0,"menu_order":0,"comment_status":"closed","ping_status":"closed","template":"","meta":{"footnotes":""},"class_list":["post-166326","page","type-page","status-publish","hentry"],"_links":{"self":[{"href":"https:\/\/staging.lilomino.fr\/index.php\/wp-json\/wp\/v2\/pages\/166326","targetHints":{"allow":["GET"]}}],"collection":[{"href":"https:\/\/staging.lilomino.fr\/index.php\/wp-json\/wp\/v2\/pages"}],"about":[{"href":"https:\/\/staging.lilomino.fr\/index.php\/wp-json\/wp\/v2\/types\/page"}],"author":[{"embeddable":true,"href":"https:\/\/staging.lilomino.fr\/index.php\/wp-json\/wp\/v2\/users\/1"}],"replies":[{"embeddable":true,"href":"https:\/\/staging.lilomino.fr\/index.php\/wp-json\/wp\/v2\/comments?post=166326"}],"version-history":[{"count":13,"href":"https:\/\/staging.lilomino.fr\/index.php\/wp-json\/wp\/v2\/pages\/166326\/revisions"}],"predecessor-version":[{"id":167173,"href":"https:\/\/staging.lilomino.fr\/index.php\/wp-json\/wp\/v2\/pages\/166326\/revisions\/167173"}],"wp:attachment":[{"href":"https:\/\/staging.lilomino.fr\/index.php\/wp-json\/wp\/v2\/media?parent=166326"}],"curies":[{"name":"wp","href":"https:\/\/api.w.org\/{rel}","templated":true}]}}